{"id":137,"date":"2021-10-24T13:52:33","date_gmt":"2021-10-24T13:52:33","guid":{"rendered":"https:\/\/thefin.eu\/?page_id=137"},"modified":"2023-11-29T09:52:13","modified_gmt":"2023-11-29T09:52:13","slug":"home","status":"publish","type":"page","link":"https:\/\/thefin.eu\/it\/","title":{"rendered":"Home"},"content":{"rendered":"\n<p>&#8220;The future is now&#8221; \u00e8 uno sguardo attento al mondo che ci circonda per cogliere i segnali di un futuro che presto diventer\u00e0 la nostra quotidianit\u00e0.<br>Le <strong>tecnologie emergenti<\/strong> stanno guidando questo futuro ed \u00e8 essenziale saperne di pi\u00f9 su di esse per rimanere al passo con i tempi. Dall\u2019<strong>intelligenza artificiale<\/strong> e <strong>blockchain <\/strong>alla <strong>realt\u00e0 virtuale<\/strong> e alla <strong>biotecnologia<\/strong>, queste tecnologie trasformeranno ogni aspetto della nostra vita, dal modo in cui lavoriamo e comunichiamo al modo in cui ci curiamo e ci divertiamo. Comprendendo queste tecnologie e le loro potenziali implicazioni, possiamo prendere decisioni informate e sfruttare il loro potere per creare un futuro migliore per tutti. <strong>Thefin.eu<\/strong> \u00e8 una piattaforma che fornisce preziose informazioni e risorse sulle tecnologie emergenti, consentendo a individui e aziende di prosperare nell&#8217;era digitale.<\/p>\n","protected":false},"excerpt":{"rendered":"<p>&#8220;The future is now&#8221; \u00e8 uno sguardo attento al mondo che ci circonda per cogliere i segnali di un futuro che presto diventer\u00e0 la nostra quotidianit\u00e0.Le tecnologie emergenti stanno guidando questo futuro ed \u00e8 essenziale saperne di pi\u00f9 su di esse per rimanere al passo con i tempi. Dall\u2019intelligenza artificiale e blockchain alla realt\u00e0 virtuale &hellip; <\/p>\n<p class=\"link-more\"><a href=\"https:\/\/thefin.eu\/it\/\" class=\"more-link\">Leggi tutto<span class=\"screen-reader-text\"> &#8220;Home&#8221;<\/span><\/a><\/p>\n","protected":false},"author":1,"featured_media":0,"parent":0,"menu_order":0,"comment_status":"closed","ping_status":"closed","template":"","meta":{"footnotes":""},"class_list":["post-137","page","type-page","status-publish","hentry"],"_links":{"self":[{"href":"https:\/\/thefin.eu\/it\/wp-json\/wp\/v2\/pages\/137","targetHints":{"allow":["GET"]}}],"collection":[{"href":"https:\/\/thefin.eu\/it\/wp-json\/wp\/v2\/pages"}],"about":[{"href":"https:\/\/thefin.eu\/it\/wp-json\/wp\/v2\/types\/page"}],"author":[{"embeddable":true,"href":"https:\/\/thefin.eu\/it\/wp-json\/wp\/v2\/users\/1"}],"replies":[{"embeddable":true,"href":"https:\/\/thefin.eu\/it\/wp-json\/wp\/v2\/comments?post=137"}],"version-history":[{"count":0,"href":"https:\/\/thefin.eu\/it\/wp-json\/wp\/v2\/pages\/137\/revisions"}],"wp:attachment":[{"href":"https:\/\/thefin.eu\/it\/wp-json\/wp\/v2\/media?parent=137"}],"curies":[{"name":"wp","href":"https:\/\/api.w.org\/{rel}","templated":true}]}}