{"id":346,"date":"2021-10-24T13:52:33","date_gmt":"2021-10-24T13:52:33","guid":{"rendered":"https:\/\/thefin.eu\/?page_id=346"},"modified":"2024-02-21T11:31:27","modified_gmt":"2024-02-21T11:31:27","slug":"home","status":"publish","type":"page","link":"https:\/\/thefin.eu\/fr\/","title":{"rendered":"Home"},"content":{"rendered":"\n<p>\u00ab\u00a0<strong>The f<\/strong>uture <strong>i<\/strong>s <strong>n<\/strong>ow\u00a0\u00bb est un regard attentif sur le monde qui nous entoure pour saisir les signes d&rsquo;un futur qui deviendra bient\u00f4t notre quotidien. Les technologies \u00e9mergentes sont le moteur de cet avenir, et il est essentiel d\u2019en apprendre davantage \u00e0 leur sujet pour garder une longueur d\u2019avance. De l\u2019<strong>intelligence artificielle<\/strong> et de la <strong>blockchain <\/strong>\u00e0 la <strong>r\u00e9alit\u00e9 virtuelle<\/strong> et \u00e0 la <strong>biotechnologie<\/strong>, ces technologies transformeront tous les aspects de nos vies, de la fa\u00e7on dont nous travaillons et communiquons jusqu\u2019\u00e0 la fa\u00e7on dont nous nous soignons et nous divertissons. En comprenant ces technologies et leurs implications potentielles, nous pouvons prendre des d\u00e9cisions \u00e9clair\u00e9es et exploiter leur pouvoir pour cr\u00e9er un avenir meilleur pour tous. Thefin.eu est une plateforme qui <strong>fournit des informations<\/strong> et des ressources pr\u00e9cieuses sur les <strong>technologies \u00e9mergentes<\/strong>, permettant aux particuliers et aux entreprises de prosp\u00e9rer \u00e0 l&rsquo;\u00e8re num\u00e9rique.<\/p>\n","protected":false},"excerpt":{"rendered":"<p>\u00ab\u00a0The future is now\u00a0\u00bb est un regard attentif sur le monde qui nous entoure pour saisir les signes d&rsquo;un futur qui deviendra bient\u00f4t notre quotidien. Les technologies \u00e9mergentes sont le moteur de cet avenir, et il est essentiel d\u2019en apprendre davantage \u00e0 leur sujet pour garder une longueur d\u2019avance. De l\u2019intelligence artificielle et de la &hellip; <\/p>\n<p class=\"link-more\"><a href=\"https:\/\/thefin.eu\/fr\/\" class=\"more-link\">Continuer la lecture<span class=\"screen-reader-text\"> de &laquo;&nbsp;Home&nbsp;&raquo;<\/span><\/a><\/p>\n","protected":false},"author":1,"featured_media":0,"parent":0,"menu_order":0,"comment_status":"closed","ping_status":"closed","template":"","meta":{"footnotes":""},"class_list":["post-346","page","type-page","status-publish","hentry"],"_links":{"self":[{"href":"https:\/\/thefin.eu\/fr\/wp-json\/wp\/v2\/pages\/346","targetHints":{"allow":["GET"]}}],"collection":[{"href":"https:\/\/thefin.eu\/fr\/wp-json\/wp\/v2\/pages"}],"about":[{"href":"https:\/\/thefin.eu\/fr\/wp-json\/wp\/v2\/types\/page"}],"author":[{"embeddable":true,"href":"https:\/\/thefin.eu\/fr\/wp-json\/wp\/v2\/users\/1"}],"replies":[{"embeddable":true,"href":"https:\/\/thefin.eu\/fr\/wp-json\/wp\/v2\/comments?post=346"}],"version-history":[{"count":1,"href":"https:\/\/thefin.eu\/fr\/wp-json\/wp\/v2\/pages\/346\/revisions"}],"predecessor-version":[{"id":347,"href":"https:\/\/thefin.eu\/fr\/wp-json\/wp\/v2\/pages\/346\/revisions\/347"}],"wp:attachment":[{"href":"https:\/\/thefin.eu\/fr\/wp-json\/wp\/v2\/media?parent=346"}],"curies":[{"name":"wp","href":"https:\/\/api.w.org\/{rel}","templated":true}]}}