{"id":214,"date":"2021-10-24T13:52:33","date_gmt":"2021-10-24T13:52:33","guid":{"rendered":"https:\/\/thefin.eu\/?page_id=214"},"modified":"2024-02-09T12:06:17","modified_gmt":"2024-02-09T12:06:17","slug":"el-proyecto","status":"publish","type":"page","link":"https:\/\/thefin.eu\/es\/el-proyecto\/","title":{"rendered":"El proyecto"},"content":{"rendered":"\n<p>Bienvenido a TheFin.eu, una plataforma dedicada a explorar<strong> tecnolog\u00edas emergentes<\/strong> y su <strong>impacto en la sociedad<\/strong>. Nuestra misi\u00f3n es permitir que las personas y las empresas prosperen en la era digital proporcionando informaci\u00f3n y recursos valiosos sobre las \u00faltimas tendencias y desarrollos en la industria de la tecnolog\u00eda.<\/p>\n\n\n\n<p>Nuestro equipo de expertos incluye investigadores, escritores y profesionales de la industria apasionados por la tecnolog\u00eda y su potencial para transformar nuestro mundo. Creemos que si nos mantenemos informados y educados sobre las tecnolog\u00edas emergentes podemos tomar mejores decisiones y crear un futuro mejor para nosotros y las generaciones futuras.<\/p>\n\n\n\n<p>En TheFin.eu cubrimos una amplia gama de temas, desde inteligencia artificial y blockchain hasta realidad virtual y biotecnolog\u00eda. Estamos comprometidos a proporcionar an\u00e1lisis en profundidad y <strong>contenido atractivo que sea accesible para cualquier persona<\/strong>, independientemente de su nivel de conocimiento t\u00e9cnico.<\/p>\n\n\n\n<p>Nuestra plataforma est\u00e1 dise\u00f1ada para ser un centro para entusiastas de la tecnolog\u00eda, emprendedores, inversores y cualquier persona interesada en explorar la vanguardia de la innovaci\u00f3n. Ya sea que desee mantenerse actualizado sobre las \u00faltimas tendencias tecnol\u00f3gicas, aprender m\u00e1s sobre una tecnolog\u00eda espec\u00edfica o conectarse con personas con ideas afines, TheFin.eu tiene algo para usted.<\/p>\n\n\n\n<p><strong>Gracias por visitar nuestro sitio<\/strong> y esperamos que encuentre nuestro contenido informativo, inspirador e inspirador. Si tiene alguna pregunta o comentario, comun\u00edquese con nosotros.<\/p>\n","protected":false},"excerpt":{"rendered":"<p>Bienvenido a TheFin.eu, una plataforma dedicada a explorar tecnolog\u00edas emergentes y su impacto en la sociedad. Nuestra misi\u00f3n es permitir que las personas y las empresas prosperen en la era digital proporcionando informaci\u00f3n y recursos valiosos sobre las \u00faltimas tendencias y desarrollos en la industria de la tecnolog\u00eda. Nuestro equipo de expertos incluye investigadores, escritores &hellip; <\/p>\n<p class=\"link-more\"><a href=\"https:\/\/thefin.eu\/es\/el-proyecto\/\" class=\"more-link\">Continuar leyendo<span class=\"screen-reader-text\"> \u00abEl proyecto\u00bb<\/span><\/a><\/p>\n","protected":false},"author":1,"featured_media":216,"parent":0,"menu_order":0,"comment_status":"closed","ping_status":"closed","template":"","meta":{"footnotes":""},"class_list":["post-214","page","type-page","status-publish","has-post-thumbnail","hentry"],"_links":{"self":[{"href":"https:\/\/thefin.eu\/es\/wp-json\/wp\/v2\/pages\/214","targetHints":{"allow":["GET"]}}],"collection":[{"href":"https:\/\/thefin.eu\/es\/wp-json\/wp\/v2\/pages"}],"about":[{"href":"https:\/\/thefin.eu\/es\/wp-json\/wp\/v2\/types\/page"}],"author":[{"embeddable":true,"href":"https:\/\/thefin.eu\/es\/wp-json\/wp\/v2\/users\/1"}],"replies":[{"embeddable":true,"href":"https:\/\/thefin.eu\/es\/wp-json\/wp\/v2\/comments?post=214"}],"version-history":[{"count":0,"href":"https:\/\/thefin.eu\/es\/wp-json\/wp\/v2\/pages\/214\/revisions"}],"wp:featuredmedia":[{"embeddable":true,"href":"https:\/\/thefin.eu\/es\/wp-json\/wp\/v2\/media\/216"}],"wp:attachment":[{"href":"https:\/\/thefin.eu\/es\/wp-json\/wp\/v2\/media?parent=214"}],"curies":[{"name":"wp","href":"https:\/\/api.w.org\/{rel}","templated":true}]}}