{"id":204,"date":"2021-10-24T13:52:33","date_gmt":"2021-10-24T13:52:33","guid":{"rendered":"https:\/\/thefin.eu\/?page_id=204"},"modified":"2024-02-09T11:24:35","modified_gmt":"2024-02-09T11:24:35","slug":"home","status":"publish","type":"page","link":"https:\/\/thefin.eu\/es\/","title":{"rendered":"Home"},"content":{"rendered":"\n<p>\u00ab<strong>The f<\/strong>uture <strong>i<\/strong>s <strong>n<\/strong>ow\u00bb es una mirada atenta al mundo que nos rodea para captar los signos de un futuro que pronto se convertir\u00e1 en nuestra vida diaria.<br>Las tecnolog\u00edas emergentes est\u00e1n impulsando este futuro y es esencial aprender m\u00e1s sobre ellas para mantenerse a la vanguardia. Desde la<strong> inteligencia artificial<\/strong> y la <strong>blockchain <\/strong> hasta la <strong>realidad virtual<\/strong> y la <strong>biotecnolog\u00eda<\/strong>, estas tecnolog\u00edas transformar\u00e1n todos los aspectos de nuestras vidas, desde c\u00f3mo trabajamos y nos comunicamos hasta c\u00f3mo nos curamos y nos entretenemos. Al comprender estas tecnolog\u00edas y sus<strong> posibles implicaciones<\/strong>, podemos tomar decisiones informadas y aprovechar su poder para<strong> crear un futuro mejor para todos<\/strong>. <strong>Thefin.eu<\/strong> es una plataforma que proporciona informaci\u00f3n y recursos valiosos sobre <strong>tecnolog\u00edas emergentes<\/strong>, permitiendo a personas y empresas prosperar en la era digital.<\/p>\n","protected":false},"excerpt":{"rendered":"<p>\u00abThe future is now\u00bb es una mirada atenta al mundo que nos rodea para captar los signos de un futuro que pronto se convertir\u00e1 en nuestra vida diaria.Las tecnolog\u00edas emergentes est\u00e1n impulsando este futuro y es esencial aprender m\u00e1s sobre ellas para mantenerse a la vanguardia. Desde la inteligencia artificial y la blockchain hasta la &hellip; <\/p>\n<p class=\"link-more\"><a href=\"https:\/\/thefin.eu\/es\/\" class=\"more-link\">Continuar leyendo<span class=\"screen-reader-text\"> \u00abHome\u00bb<\/span><\/a><\/p>\n","protected":false},"author":1,"featured_media":0,"parent":0,"menu_order":0,"comment_status":"closed","ping_status":"closed","template":"","meta":{"footnotes":""},"class_list":["post-204","page","type-page","status-publish","hentry"],"_links":{"self":[{"href":"https:\/\/thefin.eu\/es\/wp-json\/wp\/v2\/pages\/204","targetHints":{"allow":["GET"]}}],"collection":[{"href":"https:\/\/thefin.eu\/es\/wp-json\/wp\/v2\/pages"}],"about":[{"href":"https:\/\/thefin.eu\/es\/wp-json\/wp\/v2\/types\/page"}],"author":[{"embeddable":true,"href":"https:\/\/thefin.eu\/es\/wp-json\/wp\/v2\/users\/1"}],"replies":[{"embeddable":true,"href":"https:\/\/thefin.eu\/es\/wp-json\/wp\/v2\/comments?post=204"}],"version-history":[{"count":0,"href":"https:\/\/thefin.eu\/es\/wp-json\/wp\/v2\/pages\/204\/revisions"}],"wp:attachment":[{"href":"https:\/\/thefin.eu\/es\/wp-json\/wp\/v2\/media?parent=204"}],"curies":[{"name":"wp","href":"https:\/\/api.w.org\/{rel}","templated":true}]}}